{"id":160,"date":"2021-08-07T21:39:13","date_gmt":"2021-08-07T21:39:13","guid":{"rendered":"https:\/\/indeksery.pl\/?page_id=160"},"modified":"2021-08-25T19:27:49","modified_gmt":"2021-08-25T19:27:49","slug":"kontakt","status":"publish","type":"page","link":"https:\/\/indeksery.pl\/?page_id=160","title":{"rendered":"Kontakt"},"content":{"rendered":"\t\t<div data-elementor-type=\"wp-page\" data-elementor-id=\"160\" class=\"elementor elementor-160\" data-elementor-settings=\"[]\">\n\t\t\t\t\t\t\t<div class=\"elementor-section-wrap\">\n\t\t\t\t\t\t\t<section class=\"elementor-section elementor-top-section elementor-element elementor-element-45642a52 elementor-section-boxed elementor-section-height-default elementor-section-height-default\" data-id=\"45642a52\" data-element_type=\"section\" data-settings=\"{&quot;background_background&quot;:&quot;classic&quot;}\">\n\t\t\t\t\t\t<div class=\"elementor-container elementor-column-gap-default\">\n\t\t\t\t\t<div class=\"elementor-column elementor-col-100 elementor-top-column elementor-element elementor-element-63b0c2c2\" data-id=\"63b0c2c2\" data-element_type=\"column\">\n\t\t\t<div class=\"elementor-widget-wrap elementor-element-populated\">\n\t\t\t\t\t\t\t\t<div class=\"elementor-element elementor-element-77da54ef elementor-widget elementor-widget-heading\" data-id=\"77da54ef\" data-element_type=\"widget\" data-widget_type=\"heading.default\">\n\t\t\t\t<div class=\"elementor-widget-container\">\n\t\t\t<h1 class=\"elementor-heading-title elementor-size-default\">Kontakt<\/h1>\t\t<\/div>\n\t\t\t\t<\/div>\n\t\t\t\t<div class=\"elementor-element elementor-element-1d627896 elementor-widget elementor-widget-text-editor\" data-id=\"1d627896\" data-element_type=\"widget\" data-widget_type=\"text-editor.default\">\n\t\t\t\t<div class=\"elementor-widget-container\">\n\t\t\t\t\t\t\t\t<p>Jak si\u0119 ze mn\u0105 skontaktowa\u0107 ?<\/p>\t\t\t\t\t\t<\/div>\n\t\t\t\t<\/div>\n\t\t\t\t\t<\/div>\n\t\t<\/div>\n\t\t\t\t\t\t\t<\/div>\n\t\t<\/section>\n\t\t\t\t<section class=\"elementor-section elementor-top-section elementor-element elementor-element-9e31abd elementor-section-boxed elementor-section-height-default elementor-section-height-default\" data-id=\"9e31abd\" data-element_type=\"section\">\n\t\t\t\t\t\t<div class=\"elementor-container elementor-column-gap-default\">\n\t\t\t\t\t<div class=\"elementor-column elementor-col-100 elementor-top-column elementor-element elementor-element-2d37700d\" data-id=\"2d37700d\" data-element_type=\"column\">\n\t\t\t<div class=\"elementor-widget-wrap elementor-element-populated\">\n\t\t\t\t\t\t\t\t<div class=\"elementor-element elementor-element-59dfd0fb elementor-widget elementor-widget-text-editor\" data-id=\"59dfd0fb\" data-element_type=\"widget\" data-widget_type=\"text-editor.default\">\n\t\t\t\t<div class=\"elementor-widget-container\">\n\t\t\t\t\t\t\t\t<p><\/p>\n<p>Chcesz o co\u015b zapyta\u0107?<br>Masz jak\u0105\u015b sugesti\u0119?<br>Co\u015b jest niejasne i wymaga uzupe\u0142nienia\/doprecyzowania ?<\/p>\n<p>Pisz \u015bmia\u0142o: maciej.grzanka@gmcontrol.pl&nbsp; &nbsp; <br>Wolisz porozmawia\u0107? Porozmawiajmy! tel: 570 368 850<\/p>\t\t\t\t\t\t<\/div>\n\t\t\t\t<\/div>\n\t\t\t\t\t<\/div>\n\t\t<\/div>\n\t\t\t\t\t\t\t<\/div>\n\t\t<\/section>\n\t\t\t\t\t\t<\/div>\n\t\t\t\t\t<\/div>\n\t\t","protected":false},"excerpt":{"rendered":"<p>Kontakt Jak si\u0119 ze mn\u0105 skontaktowa\u0107 ? Chcesz o co\u015b zapyta\u0107?Masz jak\u0105\u015b sugesti\u0119?Co\u015b jest niejasne i wymaga uzupe\u0142nienia\/doprecyzowania ? Pisz \u015bmia\u0142o: maciej.grzanka@gmcontrol.pl&nbsp; &nbsp; Wolisz porozmawia\u0107? Porozmawiajmy! tel: 570 368 850<\/p>\n","protected":false},"author":1,"featured_media":0,"parent":0,"menu_order":0,"comment_status":"closed","ping_status":"closed","template":"","meta":[],"_links":{"self":[{"href":"https:\/\/indeksery.pl\/index.php?rest_route=\/wp\/v2\/pages\/160"}],"collection":[{"href":"https:\/\/indeksery.pl\/index.php?rest_route=\/wp\/v2\/pages"}],"about":[{"href":"https:\/\/indeksery.pl\/index.php?rest_route=\/wp\/v2\/types\/page"}],"author":[{"embeddable":true,"href":"https:\/\/indeksery.pl\/index.php?rest_route=\/wp\/v2\/users\/1"}],"replies":[{"embeddable":true,"href":"https:\/\/indeksery.pl\/index.php?rest_route=%2Fwp%2Fv2%2Fcomments&post=160"}],"version-history":[{"count":17,"href":"https:\/\/indeksery.pl\/index.php?rest_route=\/wp\/v2\/pages\/160\/revisions"}],"predecessor-version":[{"id":500,"href":"https:\/\/indeksery.pl\/index.php?rest_route=\/wp\/v2\/pages\/160\/revisions\/500"}],"wp:attachment":[{"href":"https:\/\/indeksery.pl\/index.php?rest_route=%2Fwp%2Fv2%2Fmedia&parent=160"}],"curies":[{"name":"wp","href":"https:\/\/api.w.org\/{rel}","templated":true}]}}