{"id":139,"date":"2021-08-07T21:18:43","date_gmt":"2021-08-07T21:18:43","guid":{"rendered":"https:\/\/indeksery.pl\/?page_id=139"},"modified":"2021-08-25T19:27:24","modified_gmt":"2021-08-25T19:27:24","slug":"o-mnie-2","status":"publish","type":"page","link":"https:\/\/indeksery.pl\/?page_id=139","title":{"rendered":"O mnie"},"content":{"rendered":"\t\t<div data-elementor-type=\"wp-page\" data-elementor-id=\"139\" class=\"elementor elementor-139\" data-elementor-settings=\"[]\">\n\t\t\t\t\t\t\t<div class=\"elementor-section-wrap\">\n\t\t\t\t\t\t\t<section class=\"elementor-section elementor-top-section elementor-element elementor-element-220081f9 elementor-section-boxed elementor-section-height-default elementor-section-height-default\" data-id=\"220081f9\" data-element_type=\"section\" data-settings=\"{&quot;background_background&quot;:&quot;classic&quot;}\">\n\t\t\t\t\t\t<div class=\"elementor-container elementor-column-gap-default\">\n\t\t\t\t\t<div class=\"elementor-column elementor-col-100 elementor-top-column elementor-element elementor-element-45a294fb\" data-id=\"45a294fb\" data-element_type=\"column\">\n\t\t\t<div class=\"elementor-widget-wrap elementor-element-populated\">\n\t\t\t\t\t\t\t\t<div class=\"elementor-element elementor-element-f469751 elementor-widget elementor-widget-heading\" data-id=\"f469751\" data-element_type=\"widget\" data-widget_type=\"heading.default\">\n\t\t\t\t<div class=\"elementor-widget-container\">\n\t\t\t<h1 class=\"elementor-heading-title elementor-size-default\">O mnie<\/h1>\t\t<\/div>\n\t\t\t\t<\/div>\n\t\t\t\t<div class=\"elementor-element elementor-element-750361d6 elementor-widget elementor-widget-text-editor\" data-id=\"750361d6\" data-element_type=\"widget\" data-widget_type=\"text-editor.default\">\n\t\t\t\t<div class=\"elementor-widget-container\">\n\t\t\t\t\t\t\t\t<p>Kim jestem? Czym si\u0119 zajmuj\u0119?<\/p>\t\t\t\t\t\t<\/div>\n\t\t\t\t<\/div>\n\t\t\t\t\t<\/div>\n\t\t<\/div>\n\t\t\t\t\t\t\t<\/div>\n\t\t<\/section>\n\t\t\t\t<section class=\"elementor-section elementor-top-section elementor-element elementor-element-e40a658 elementor-section-boxed elementor-section-height-default elementor-section-height-default\" data-id=\"e40a658\" data-element_type=\"section\">\n\t\t\t\t\t\t<div class=\"elementor-container elementor-column-gap-default\">\n\t\t\t\t\t<div class=\"elementor-column elementor-col-100 elementor-top-column elementor-element elementor-element-1514ae3\" data-id=\"1514ae3\" data-element_type=\"column\">\n\t\t\t<div class=\"elementor-widget-wrap elementor-element-populated\">\n\t\t\t\t\t\t\t\t<div class=\"elementor-element elementor-element-c2b0a26 elementor-widget elementor-widget-text-editor\" data-id=\"c2b0a26\" data-element_type=\"widget\" data-widget_type=\"text-editor.default\">\n\t\t\t\t<div class=\"elementor-widget-container\">\n\t\t\t\t\t\t\t\t<p><span style=\"font-weight: 400;\"><br \/>Nazywam si\u0119 Maciej Grzanka uko\u0144czy\u0142em Automatyk\u0119 i Robotyk\u0119 na wydziale In\u017cynierii Mechanicznej i Robotyki na Akademii G\u00f3rniczo Hutniczej w Krakowie. <br \/>Od ponad 10lat zajmuj\u0119 si\u0119 programowaniem PLC, projektowaniem i wykonywaniem maszyn i urz\u0105dze\u0144.<br \/>Jestem prezesem zarz\u0105du firmy GMControl oraz Polskim przedstawicielem firmy Italplant \u015bwiatowego lidera w produkcji mechanizm\u00f3w krzywkowych.<br \/>W swojej pracy dziel\u0119 si\u0119 posiadan\u0105 wiedz\u0105 i do\u015bwiadczeniem, swoim klientom dostarczam rozwi\u0105zania, kt\u00f3rych potrzebuj\u0105 dla rozwoju swojej produkcji.<br \/><\/span><\/p>\t\t\t\t\t\t<\/div>\n\t\t\t\t<\/div>\n\t\t\t\t\t<\/div>\n\t\t<\/div>\n\t\t\t\t\t\t\t<\/div>\n\t\t<\/section>\n\t\t\t\t<section class=\"elementor-section elementor-top-section elementor-element elementor-element-6963606b elementor-section-boxed elementor-section-height-default elementor-section-height-default\" data-id=\"6963606b\" data-element_type=\"section\">\n\t\t\t\t\t\t<div class=\"elementor-container elementor-column-gap-default\">\n\t\t\t\t\t<div class=\"elementor-column elementor-col-100 elementor-top-column elementor-element elementor-element-7e38cc33\" data-id=\"7e38cc33\" data-element_type=\"column\">\n\t\t\t<div class=\"elementor-widget-wrap elementor-element-populated\">\n\t\t\t\t\t\t\t\t<div class=\"elementor-element elementor-element-2f2983bf elementor-widget elementor-widget-text-editor\" data-id=\"2f2983bf\" data-element_type=\"widget\" data-widget_type=\"text-editor.default\">\n\t\t\t\t<div class=\"elementor-widget-container\">\n\t\t\t\t\t\t\t\t<p><br><\/p><p>Kontakt: maciej.grzanka@gmcontrol.pl&nbsp; &nbsp; tel: 570 368 850<\/p>\t\t\t\t\t\t<\/div>\n\t\t\t\t<\/div>\n\t\t\t\t\t<\/div>\n\t\t<\/div>\n\t\t\t\t\t\t\t<\/div>\n\t\t<\/section>\n\t\t\t\t\t\t<\/div>\n\t\t\t\t\t<\/div>\n\t\t","protected":false},"excerpt":{"rendered":"<p>O mnie Kim jestem? Czym si\u0119 zajmuj\u0119? Nazywam si\u0119 Maciej Grzanka uko\u0144czy\u0142em Automatyk\u0119 i Robotyk\u0119 na wydziale In\u017cynierii Mechanicznej i Robotyki na Akademii G\u00f3rniczo Hutniczej w Krakowie. Od ponad 10lat zajmuj\u0119 si\u0119 programowaniem PLC, projektowaniem i wykonywaniem maszyn i urz\u0105dze\u0144.Jestem prezesem zarz\u0105du firmy GMControl oraz Polskim przedstawicielem firmy Italplant \u015bwiatowego lidera w produkcji mechanizm\u00f3w krzywkowych.W [&hellip;]<\/p>\n","protected":false},"author":1,"featured_media":0,"parent":0,"menu_order":0,"comment_status":"closed","ping_status":"closed","template":"","meta":[],"_links":{"self":[{"href":"https:\/\/indeksery.pl\/index.php?rest_route=\/wp\/v2\/pages\/139"}],"collection":[{"href":"https:\/\/indeksery.pl\/index.php?rest_route=\/wp\/v2\/pages"}],"about":[{"href":"https:\/\/indeksery.pl\/index.php?rest_route=\/wp\/v2\/types\/page"}],"author":[{"embeddable":true,"href":"https:\/\/indeksery.pl\/index.php?rest_route=\/wp\/v2\/users\/1"}],"replies":[{"embeddable":true,"href":"https:\/\/indeksery.pl\/index.php?rest_route=%2Fwp%2Fv2%2Fcomments&post=139"}],"version-history":[{"count":21,"href":"https:\/\/indeksery.pl\/index.php?rest_route=\/wp\/v2\/pages\/139\/revisions"}],"predecessor-version":[{"id":497,"href":"https:\/\/indeksery.pl\/index.php?rest_route=\/wp\/v2\/pages\/139\/revisions\/497"}],"wp:attachment":[{"href":"https:\/\/indeksery.pl\/index.php?rest_route=%2Fwp%2Fv2%2Fmedia&parent=139"}],"curies":[{"name":"wp","href":"https:\/\/api.w.org\/{rel}","templated":true}]}}